{"id":190,"date":"2019-01-09T14:48:20","date_gmt":"2019-01-09T14:48:20","guid":{"rendered":"http:\/\/woks-audio.com\/?page_id=190"},"modified":"2020-11-10T15:52:25","modified_gmt":"2020-11-10T15:52:25","slug":"unternehmen","status":"publish","type":"page","link":"https:\/\/woks-audio.com\/?page_id=190&lang=de","title":{"rendered":"Unternehmen"},"content":{"rendered":"\n<h2 class=\"wp-block-heading\">Unser Unternehmen<\/h2>\n\n\n\n<p>Die woks audio GmbH wurde im Dezember 2018 von vier ehemaligen Mitarbeitern der J\u00fcnger Audio GmbH i.L. gegr\u00fcndet.<br><\/p>\n\n\n\n<p>Unter unserer Marke J\u00fcnger Audio entwickeln und fertigen wir tontechnische Ger\u00e4te und Softwarel\u00f6sungen f\u00fcr Radio, Fernsehen, Tonstudio und Produktion. <br>Wir f\u00fchren die mehr als 30 j\u00e4hrige Tradition der Weltmarke aus Berlin fort und sehen uns ihrer Tradition verpflichtet: alles f\u00fcr den guten Ton!<br><br>Besuchen Sie: <a href=\"https:\/\/www.jungeraudio.com\">www.jungeraudio.com<\/a><\/p>\n\n\n\n<p>Wir sind Hersteller und Dienstleister. Neben unseren eigenen Produkten entwickeln wir Tontechnik und Software f\u00fcr OEM-Produkte und als Lizenzl\u00f6sungen. <\/p>\n\n\n\n<p>Ihr\nwoks audio GmbH Team!<\/p>\n","protected":false},"excerpt":{"rendered":"<p>Unser Unternehmen Die woks audio GmbH wurde im Dezember 2018 von vier ehemaligen Mitarbeitern der J\u00fcnger Audio GmbH i.L. gegr\u00fcndet. Unter unserer Marke J\u00fcnger Audio entwickeln und fertigen wir tontechnische Ger\u00e4te und Softwarel\u00f6sungen f\u00fcr Radio, Fernsehen, Tonstudio und Produktion. Wir f\u00fchren die mehr als 30 j\u00e4hrige Tradition der Weltmarke aus Berlin fort und sehen uns [&hellip;]<\/p>\n","protected":false},"author":1,"featured_media":0,"parent":0,"menu_order":0,"comment_status":"closed","ping_status":"closed","template":"","meta":{"ocean_post_layout":"full-width","ocean_both_sidebars_style":"","ocean_both_sidebars_content_width":0,"ocean_both_sidebars_sidebars_width":0,"ocean_sidebar":"0","ocean_second_sidebar":"0","ocean_disable_margins":"enable","ocean_add_body_class":"","ocean_shortcode_before_top_bar":"","ocean_shortcode_after_top_bar":"","ocean_shortcode_before_header":"","ocean_shortcode_after_header":"","ocean_has_shortcode":"","ocean_shortcode_after_title":"","ocean_shortcode_before_footer_widgets":"","ocean_shortcode_after_footer_widgets":"","ocean_shortcode_before_footer_bottom":"","ocean_shortcode_after_footer_bottom":"","ocean_display_top_bar":"on","ocean_display_header":"on","ocean_header_style":"","ocean_center_header_left_menu":"0","ocean_custom_header_template":"0","ocean_custom_logo":0,"ocean_custom_retina_logo":0,"ocean_custom_logo_max_width":0,"ocean_custom_logo_tablet_max_width":0,"ocean_custom_logo_mobile_max_width":0,"ocean_custom_logo_max_height":0,"ocean_custom_logo_tablet_max_height":0,"ocean_custom_logo_mobile_max_height":0,"ocean_header_custom_menu":"0","ocean_menu_typo_font_family":"Arial, Helvetica, sans-serif","ocean_menu_typo_font_subset":"","ocean_menu_typo_font_size":0,"ocean_menu_typo_font_size_tablet":0,"ocean_menu_typo_font_size_mobile":0,"ocean_menu_typo_font_size_unit":"px","ocean_menu_typo_font_weight":"","ocean_menu_typo_font_weight_tablet":"","ocean_menu_typo_font_weight_mobile":"","ocean_menu_typo_transform":"","ocean_menu_typo_transform_tablet":"","ocean_menu_typo_transform_mobile":"","ocean_menu_typo_line_height":0,"ocean_menu_typo_line_height_tablet":0,"ocean_menu_typo_line_height_mobile":0,"ocean_menu_typo_line_height_unit":"","ocean_menu_typo_spacing":0,"ocean_menu_typo_spacing_tablet":0,"ocean_menu_typo_spacing_mobile":0,"ocean_menu_typo_spacing_unit":"","ocean_menu_link_color":"","ocean_menu_link_color_hover":"","ocean_menu_link_color_active":"","ocean_menu_link_background":"","ocean_menu_link_hover_background":"","ocean_menu_link_active_background":"","ocean_menu_social_links_bg":"","ocean_menu_social_hover_links_bg":"","ocean_menu_social_links_color":"","ocean_menu_social_hover_links_color":"","ocean_disable_title":"on","ocean_disable_heading":"default","ocean_post_title":"","ocean_post_subheading":"","ocean_post_title_style":"","ocean_post_title_background_color":"","ocean_post_title_background":0,"ocean_post_title_bg_image_position":"","ocean_post_title_bg_image_attachment":"","ocean_post_title_bg_image_repeat":"","ocean_post_title_bg_image_size":"","ocean_post_title_height":0,"ocean_post_title_bg_overlay":0.5,"ocean_post_title_bg_overlay_color":"","ocean_disable_breadcrumbs":"default","ocean_breadcrumbs_color":"","ocean_breadcrumbs_separator_color":"","ocean_breadcrumbs_links_color":"","ocean_breadcrumbs_links_hover_color":"","ocean_display_footer_widgets":"default","ocean_display_footer_bottom":"default","ocean_custom_footer_template":"0","footnotes":""},"class_list":["post-190","page","type-page","status-publish","hentry","entry"],"_links":{"self":[{"href":"https:\/\/woks-audio.com\/index.php?rest_route=\/wp\/v2\/pages\/190","targetHints":{"allow":["GET"]}}],"collection":[{"href":"https:\/\/woks-audio.com\/index.php?rest_route=\/wp\/v2\/pages"}],"about":[{"href":"https:\/\/woks-audio.com\/index.php?rest_route=\/wp\/v2\/types\/page"}],"author":[{"embeddable":true,"href":"https:\/\/woks-audio.com\/index.php?rest_route=\/wp\/v2\/users\/1"}],"replies":[{"embeddable":true,"href":"https:\/\/woks-audio.com\/index.php?rest_route=%2Fwp%2Fv2%2Fcomments&post=190"}],"version-history":[{"count":6,"href":"https:\/\/woks-audio.com\/index.php?rest_route=\/wp\/v2\/pages\/190\/revisions"}],"predecessor-version":[{"id":268,"href":"https:\/\/woks-audio.com\/index.php?rest_route=\/wp\/v2\/pages\/190\/revisions\/268"}],"wp:attachment":[{"href":"https:\/\/woks-audio.com\/index.php?rest_route=%2Fwp%2Fv2%2Fmedia&parent=190"}],"curies":[{"name":"wp","href":"https:\/\/api.w.org\/{rel}","templated":true}]}}