{"id":208,"date":"2019-01-09T15:46:18","date_gmt":"2019-01-09T15:46:18","guid":{"rendered":"http:\/\/woks-audio.com\/?page_id=208"},"modified":"2019-11-19T11:29:43","modified_gmt":"2019-11-19T11:29:43","slug":"imprint","status":"publish","type":"page","link":"https:\/\/woks-audio.com\/?page_id=208","title":{"rendered":"Imprint"},"content":{"rendered":"\n<h2 class=\"wp-block-heading\">Legal info \/ Impressum<\/h2>\n\n\n\n<p>woks audio GmbH (limited corporation according to German law)<br>Carl-Scheele-Stra\u00dfe 14<br>12489 Berlin \/ Germany<\/p>\n\n\n\n<p><a href=\"http:\/\/mailto@info@woks-audio.com\">info@woks-audio.com<\/a><br>Phone +49 (0) 30 6777 21-0<br>Fax +49 (0) 30 6777 21-46<br><\/p>\n\n\n\n<p>Managing\ndirectors:<br>\nStefan Waldeck, Manfred Ottenbreit, Friedemann Kootz,\nBenjamin Steinke<\/p>\n\n\n\n<p>Register court: Amtsgericht (district court) Berlin (Charlottenburg) <br>Commercial register number: HRB 202475<br>VAT identification number: DE 321 640 978<\/p>\n\n\n\n<p>Responsible for this website&#8217;s content: <br>Stefan Waldeck, Manfred Ottenbreit, Friedemann Kootz, Benjamin Steinke<br>Address see above<\/p>\n\n\n\n<h3 class=\"wp-block-heading\">Haftungsausschluss<\/h3>\n\n\n\n<h4 class=\"wp-block-heading\">Inhalt\ndes Onlineangebotes<\/h4>\n\n\n\n<p>Der Autor \u00fcbernimmt keinerlei Gew\u00e4hr f\u00fcr die Aktualit\u00e4t, Richtigkeit und Vollst\u00e4ndigkeit der bereitgestellten Informationen auf unserer Website. Haftungsanspr\u00fcche gegen den Autor, welche sich auf Sch\u00e4den materieller oder ideeller Art beziehen, die durch die Nutzung oder Nichtnutzung der dargebotenen Informationen bzw. durch die Nutzung fehlerhafter und unvollst\u00e4ndiger Informationen verursacht wurden, sind grunds\u00e4tzlich ausgeschlossen, sofern seitens des Autors kein nachweislich vors\u00e4tzliches oder grob fahrl\u00e4ssiges Verschulden vorliegt.<br><\/p>\n\n\n\n<p>Alle\nAngebote sind freibleibend und unverbindlich. Der Autor beh\u00e4lt es\nsich ausdr\u00fccklich vor, Teile der Seiten oder das gesamte Angebot\nohne gesonderte Ank\u00fcndigung zu ver\u00e4ndern, zu erg\u00e4nzen, zu l\u00f6schen\noder die Ver\u00f6ffentlichung zeitweise oder endg\u00fcltig einzustellen.<\/p>\n\n\n\n<h4 class=\"wp-block-heading\">Verweise\nund Links<\/h4>\n\n\n\n<p>Bei direkten oder indirekten Verweisen auf fremde Webseiten (\u201cHyperlinks\u201d), die au\u00dferhalb des Verantwortungsbereiches des Autors liegen, w\u00fcrde eine Haftungsverpflichtung ausschlie\u00dflich in dem Fall in Kraft treten, in dem der Autor von den Inhalten Kenntnis hat und es ihm technisch m\u00f6glich und zumutbar w\u00e4re, die Nutzung im Falle rechtswidriger Inhalte zu verhindern.<\/p>\n\n\n\n<p>Der\nAutor erkl\u00e4rt hiermit ausdr\u00fccklich, dass zum Zeitpunkt der\nLinksetzung keine illegalen Inhalte auf den zu verlinkenden Seiten\nerkennbar waren. Auf die aktuelle und zuk\u00fcnftige Gestaltung, die\nInhalte oder die Urheberschaft der verlinkten\/verkn\u00fcpften Seiten hat\nder Autor keinerlei Einfluss. Deshalb distanziert er sich hiermit\nausdr\u00fccklich von allen Inhalten aller verlinkten \/verkn\u00fcpften\nSeiten, die nach der Linksetzung ver\u00e4ndert wurden. Diese\nFeststellung gilt f\u00fcr alle innerhalb des eigenen Internetangebotes\ngesetzten Links und Verweise sowie f\u00fcr Fremdeintr\u00e4ge in vom Autor\neingerichteten G\u00e4steb\u00fcchern, Diskussionsforen, Linkverzeichnissen,\nMailinglisten und in allen anderen Formen von Datenbanken, auf deren\nInhalt externe Schreibzugriffe m\u00f6glich sind. F\u00fcr illegale,\nfehlerhafte oder unvollst\u00e4ndige Inhalte und insbesondere f\u00fcr\nSch\u00e4den, die aus der Nutzung oder Nichtnutzung solcherart\ndargebotener Informationen entstehen, haftet allein der Anbieter der\nSeite, auf welche verwiesen wurde, nicht derjenige, der \u00fcber Links\nauf die jeweilige Ver\u00f6ffentlichung lediglich verweist.<\/p>\n\n\n\n<h4 class=\"wp-block-heading\">Urheber-\nund Kennzeichenrecht<\/h4>\n\n\n\n<p>Der\nAutor ist bestrebt, in allen Publikationen die Urheberrechte der\nverwendeten Bilder, Grafiken, Tondokumente, Videosequenzen und Texte\nzu beachten, von ihm selbst erstellte Bilder, Grafiken, Tondokumente,\nVideosequenzen und Texte zu nutzen oder auf lizenzfreie Grafiken,\nTondokumente, Videosequenzen und Texte zur\u00fcckzugreifen.<br>\nAlle\ninnerhalb des Internetangebotes genannten und ggf. durch Dritte\ngesch\u00fctzten Marken- und Warenzeichen unterliegen uneingeschr\u00e4nkt\nden Bestimmungen des jeweils g\u00fcltigen Kennzeichenrechts und den\nBesitzrechten der jeweiligen eingetragenen Eigent\u00fcmer. Allein\naufgrund der blo\u00dfen Nennung ist nicht der Schluss zu ziehen, dass\nMarkenzeichen nicht durch Rechte Dritter gesch\u00fctzt sind!<br>\nDas\nCopyright f\u00fcr ver\u00f6ffentlichte, vom Autor selbst erstellte Objekte\nbleibt allein beim Autor der Seiten. Eine Vervielf\u00e4ltigung oder\nVerwendung solcher Grafiken, Tondokumente, Videosequenzen und Texte\nin anderen elektronischen oder gedruckten Publikationen ist ohne\nausdr\u00fcckliche Zustimmung des Autors nicht gestattet.<\/p>\n\n\n\n<h4 class=\"wp-block-heading\">Datenschutz<\/h4>\n\n\n\n<p>Sofern\ninnerhalb des Internetangebotes die M\u00f6glichkeit zur Eingabe\npers\u00f6nlicher oder gesch\u00e4ftlicher Daten (Emailadressen, Namen,\nAnschriften) besteht, so erfolgt die Preisgabe dieser Daten seitens\ndes Nutzers auf ausdr\u00fccklich freiwilliger Basis. Die Inanspruchnahme\nund Bezahlung aller angebotenen Dienste ist \u2013 soweit technisch\nm\u00f6glich und zumutbar \u2013 auch ohne Angabe solcher Daten bzw. unter\nAngabe anonymisierter Daten oder eines Pseudonyms gestattet. Die\nNutzung der im Rahmen des Impressums oder vergleichbarer Angaben\nver\u00f6ffentlichten Kontaktdaten wie Postanschriften, Telefon- und\nFaxnummern sowie Emailadressen durch Dritte zur \u00dcbersendung von\nnicht ausdr\u00fccklich angeforderten Informationen ist nicht gestattet.\nRechtliche Schritte gegen die Versender von sogenannten Spam-Mails\nbei Verst\u00f6ssen gegen dieses Verbot sind ausdr\u00fccklich vorbehalten.<\/p>\n\n\n\n<h4 class=\"wp-block-heading\">Datenschutzerkl\u00e4rung\nf\u00fcr die Nutzung von Facebook-Plugins (Like-Button)<\/h4>\n\n\n\n<p>Diese Webseite nutzt Plugins des Anbieters Facebook.com, welche durch das Unternehmen Facebook Inc., 1601 S. California Avenue, Palo Alto, CA 94304 in den USA bereitgestellt werden. Nutzer unserer Webseite, auf der das Facebook-Plugin installiert ist, werden hiermit darauf hingewiesen, dass durch das Plugin eine Verbindung zu Facebook aufgebaut wird, wodurch eine \u00dcbermittlung an Ihren Browser durchgef\u00fchrt wird, damit das Plugin auf der Webseite erscheint.<\/p>\n\n\n\n<p>Des Weiteren werden durch die Nutzung Daten an die Facebook-Server weitergeleitet, welche Informationen \u00fcber Ihre Webseitenbesuche auf unserer Homepage enthalten. Dies hat f\u00fcr eingeloggte Facebook-Nutzer zur Folge, dass die Nutzungsdaten ihrem pers\u00f6nlichen Facebook-Account zugeordnet werden.<\/p>\n\n\n\n<p>Sobald\nSie als eingeloggter Facebook-Nutzer aktiv das Facebook-Plugin nutzen\n(z.B. durch das Klicken auf den \u201eGef\u00e4llt mir\u201c Knopf oder die\nNutzung der Kommentarfunktion), werden diese Daten zu Ihrem\nFacebook-Account \u00fcbertragen und ver\u00f6ffentlicht. Dies k\u00f6nnen Sie\nnur durch vorheriges Ausloggen aus Ihrem Facebook-Account\numgehen.<br>\nWeitere Information bez\u00fcglich der Datennutzung durch\nFacebook entnehmen Sie bitte den datenschutzrechtlichen Bestimmungen\nauf Facebook.<\/p>\n\n\n\n<h4 class=\"wp-block-heading\">Datenschutzerkl\u00e4rung\nf\u00fcr die Nutzung von Google Analytics<\/h4>\n\n\n\n<p>Diese\nWebsite benutzt Google Analytics, einen Webanalysedienst der Google\nInc. (\u201eGoogle\u201c). Google Analytics verwendet sog. \u201eCookies\u201c,\nTextdateien, die auf Ihrem Computer gespeichert werden und die eine\nAnalyse der Benutzung der Website durch Sie erm\u00f6glichen. Die durch\nden Cookie erzeugten Informationen \u00fcber Ihre Benutzung dieser\nWebsite werden in der Regel an einen Server von Google in den USA\n\u00fcbertragen und dort gespeichert.<\/p>\n\n\n\n<p>Im\nFalle der Aktivierung der IP-Anonymisierung auf dieser Webseite, wird\nIhre IP-Adresse von Google jedoch innerhalb von Mitgliedstaaten der\nEurop\u00e4ischen Union oder in anderen Vertragsstaaten des Abkommens\n\u00fcber den Europ\u00e4ischen Wirtschaftsraum zuvor gek\u00fcrzt. Nur in\nAusnahmef\u00e4llen wird die volle IP-Adresse an einen Server von Google\nin den USA \u00fcbertragen und dort gek\u00fcrzt. Im Auftrag des Betreibers\ndieser Website wird Google diese Informationen benutzen, um Ihre\nNutzung der Website auszuwerten, um Reports \u00fcber die\nWebsiteaktivit\u00e4ten zusammenzustellen und um weitere mit der\nWebsitenutzung und der Internetnutzung verbundene Dienstleistungen\ngegen\u00fcber dem Websitebetreiber zu erbringenDie im Rahmen von Google\nAnalytics von Ihrem Browser \u00fcbermittelte IP-Adresse wird nicht mit\nanderen Daten von Google zusammengef\u00fchrt.<\/p>\n\n\n\n<p>Sie k\u00f6nnen die Speicherung der Cookies durch eine entsprechende Einstellung Ihrer Browser-Software verhindern; wir weisen Sie jedoch darauf hin, dass Sie in diesem Fall gegebenenfalls nicht s\u00e4mtliche Funktionen dieser Website vollumf\u00e4nglich werden nutzen k\u00f6nnen. Sie k\u00f6nnen dar\u00fcber hinaus die Erfassung der durch das Cookie erzeugten und auf Ihre Nutzung der Website bezogenen Daten (inkl. Ihrer IP-Adresse) an Google sowie die Verarbeitung dieser Daten durch Google verhindern, indem sie das unter dem folgenden Link verf\u00fcgbare Browser-Plugin herunterladen und installieren <a href=\"http:\/\/tools.google.com\/dlpage\/gaoptout?hl=de\">http:\/\/tools.google.com\/dlpage\/gaoptout?hl=de<\/a><\/p>\n\n\n\n<p>Quelle:\n<a href=\"http:\/\/www.haftungsausschluss-vorlage.de\/\">Haftungsausschluss<\/a>\nvon <a href=\"http:\/\/www.haftungsausschluss.org\/datenschutzerklaerung-muster-generator-dsgvo\/\">Haftungsausschluss.org<\/a>,\n<a href=\"http:\/\/www.dsgvo-gesetz.info\/\">DSGVO<\/a> und das\n<a href=\"http:\/\/www.datenschutzgesetz.de\/\">www.datenschutzgesetz.de<\/a><\/p>\n","protected":false},"excerpt":{"rendered":"<p>Legal info \/ Impressum woks audio GmbH (limited corporation according to German law)Carl-Scheele-Stra\u00dfe 1412489 Berlin \/ Germany info@woks-audio.comPhone +49 (0) 30 6777 21-0Fax +49 (0) 30 6777 21-46 Managing directors: Stefan Waldeck, Manfred Ottenbreit, Friedemann Kootz, Benjamin Steinke Register court: Amtsgericht (district court) Berlin (Charlottenburg) Commercial register number: HRB 202475VAT identification number: DE 321 640 [&hellip;]<\/p>\n","protected":false},"author":1,"featured_media":0,"parent":0,"menu_order":0,"comment_status":"closed","ping_status":"closed","template":"","meta":{"ocean_post_layout":"full-width","ocean_both_sidebars_style":"","ocean_both_sidebars_content_width":0,"ocean_both_sidebars_sidebars_width":0,"ocean_sidebar":"0","ocean_second_sidebar":"0","ocean_disable_margins":"enable","ocean_add_body_class":"","ocean_shortcode_before_top_bar":"","ocean_shortcode_after_top_bar":"","ocean_shortcode_before_header":"","ocean_shortcode_after_header":"","ocean_has_shortcode":"","ocean_shortcode_after_title":"","ocean_shortcode_before_footer_widgets":"","ocean_shortcode_after_footer_widgets":"","ocean_shortcode_before_footer_bottom":"","ocean_shortcode_after_footer_bottom":"","ocean_display_top_bar":"on","ocean_display_header":"on","ocean_header_style":"","ocean_center_header_left_menu":"0","ocean_custom_header_template":"0","ocean_custom_logo":0,"ocean_custom_retina_logo":0,"ocean_custom_logo_max_width":0,"ocean_custom_logo_tablet_max_width":0,"ocean_custom_logo_mobile_max_width":0,"ocean_custom_logo_max_height":0,"ocean_custom_logo_tablet_max_height":0,"ocean_custom_logo_mobile_max_height":0,"ocean_header_custom_menu":"0","ocean_menu_typo_font_family":"Arial, Helvetica, sans-serif","ocean_menu_typo_font_subset":"","ocean_menu_typo_font_size":0,"ocean_menu_typo_font_size_tablet":0,"ocean_menu_typo_font_size_mobile":0,"ocean_menu_typo_font_size_unit":"px","ocean_menu_typo_font_weight":"","ocean_menu_typo_font_weight_tablet":"","ocean_menu_typo_font_weight_mobile":"","ocean_menu_typo_transform":"","ocean_menu_typo_transform_tablet":"","ocean_menu_typo_transform_mobile":"","ocean_menu_typo_line_height":0,"ocean_menu_typo_line_height_tablet":0,"ocean_menu_typo_line_height_mobile":0,"ocean_menu_typo_line_height_unit":"","ocean_menu_typo_spacing":0,"ocean_menu_typo_spacing_tablet":0,"ocean_menu_typo_spacing_mobile":0,"ocean_menu_typo_spacing_unit":"","ocean_menu_link_color":"","ocean_menu_link_color_hover":"","ocean_menu_link_color_active":"","ocean_menu_link_background":"","ocean_menu_link_hover_background":"","ocean_menu_link_active_background":"","ocean_menu_social_links_bg":"","ocean_menu_social_hover_links_bg":"","ocean_menu_social_links_color":"","ocean_menu_social_hover_links_color":"","ocean_disable_title":"on","ocean_disable_heading":"default","ocean_post_title":"","ocean_post_subheading":"","ocean_post_title_style":"","ocean_post_title_background_color":"","ocean_post_title_background":0,"ocean_post_title_bg_image_position":"","ocean_post_title_bg_image_attachment":"","ocean_post_title_bg_image_repeat":"","ocean_post_title_bg_image_size":"","ocean_post_title_height":0,"ocean_post_title_bg_overlay":0.5,"ocean_post_title_bg_overlay_color":"","ocean_disable_breadcrumbs":"default","ocean_breadcrumbs_color":"","ocean_breadcrumbs_separator_color":"","ocean_breadcrumbs_links_color":"","ocean_breadcrumbs_links_hover_color":"","ocean_display_footer_widgets":"default","ocean_display_footer_bottom":"default","ocean_custom_footer_template":"0","footnotes":""},"class_list":["post-208","page","type-page","status-publish","hentry","entry"],"_links":{"self":[{"href":"https:\/\/woks-audio.com\/index.php?rest_route=\/wp\/v2\/pages\/208","targetHints":{"allow":["GET"]}}],"collection":[{"href":"https:\/\/woks-audio.com\/index.php?rest_route=\/wp\/v2\/pages"}],"about":[{"href":"https:\/\/woks-audio.com\/index.php?rest_route=\/wp\/v2\/types\/page"}],"author":[{"embeddable":true,"href":"https:\/\/woks-audio.com\/index.php?rest_route=\/wp\/v2\/users\/1"}],"replies":[{"embeddable":true,"href":"https:\/\/woks-audio.com\/index.php?rest_route=%2Fwp%2Fv2%2Fcomments&post=208"}],"version-history":[{"count":5,"href":"https:\/\/woks-audio.com\/index.php?rest_route=\/wp\/v2\/pages\/208\/revisions"}],"predecessor-version":[{"id":254,"href":"https:\/\/woks-audio.com\/index.php?rest_route=\/wp\/v2\/pages\/208\/revisions\/254"}],"wp:attachment":[{"href":"https:\/\/woks-audio.com\/index.php?rest_route=%2Fwp%2Fv2%2Fmedia&parent=208"}],"curies":[{"name":"wp","href":"https:\/\/api.w.org\/{rel}","templated":true}]}}